{"id":410,"date":"2020-07-09T15:48:24","date_gmt":"2020-07-09T15:48:24","guid":{"rendered":"http:\/\/flexitex.dev.loba.pt\/politica-de-cookies\/"},"modified":"2020-08-18T11:17:20","modified_gmt":"2020-08-18T11:17:20","slug":"politica-de-cookies","status":"publish","type":"page","link":"https:\/\/www.flexitex.pt\/es\/politica-de-cookies\/","title":{"rendered":"Pol\u00edtica de cookies"},"content":{"rendered":"\n<h3 class=\"wp-block-heading\">\u00bfQu\u00e9 son las cookies?<\/h3>\n\n\n\n<p>Las \u00abcookies\u00bb son peque\u00f1os archivos de texto que se almacenan en su computadora a trav\u00e9s del navegador de Internet, reteniendo solo informaci\u00f3n relacionada con sus preferencias y, por lo tanto, no incluyen sus datos personales.<\/p>\n\n\n\n<h3 class=\"wp-block-heading\">\u00bfPara que sirven las cookies?<\/h3>\n\n\n\n<p>Las cookies ayudan a determinar la utilidad, inter\u00e9s y n\u00famero de usos de sus sitios, lo que permite una navegaci\u00f3n m\u00e1s r\u00e1pida y eficiente, eliminando la necesidad de ingresar repetidamente la misma informaci\u00f3n.<\/p>\n\n\n\n<h2 class=\"wp-block-heading\">\u00bfQu\u00e9 tipo de cookies utilizamos?<\/h2>\n\n\n\n<p>Hay dos grupos de cookies que se pueden utilizar:<\/p>\n\n\n\n<p><span style=\"text-decoration: underline;\">Cookies permanentes:<\/span> son cookies que se almacenan en el navegador de su equipo de acceso (PC, tel\u00e9fono m\u00f3vil y tableta) y se utilizan cada vez que visita uno de nuestros sitios web m\u00e1s de una vez. Generalmente se utilizan para dirigir la navegaci\u00f3n a los intereses del usuario, lo que nos permite brindar un servicio m\u00e1s personalizado.<\/p>\n\n\n\n<p><span style=\"text-decoration: underline;\">Cookies de sesi\u00f3n:<\/span> son cookies temporales que permanecen en el archivo de cookies de su navegador hasta que abandona el sitio. La informaci\u00f3n obtenida por estas cookies sirve para analizar los patrones de tr\u00e1fico en la web, permitiendo identificar problemas y brindar una mejor experiencia de navegaci\u00f3n.<\/p>\n\n\n\n<h2 class=\"wp-block-heading\">\u00bfPara que utilizamos las cookies?<\/h2>\n\n\n\n<p><strong>Cookies estrictamente necesarias:<\/strong> Le permiten navegar por el sitio web y utilizar sus aplicaciones, as\u00ed como acceder a \u00e1reas seguras del sitio web. Sin estas cookies, no se pueden proporcionar los servicios solicitados.<\/p>\n\n\n\n<p><strong>Cookies anal\u00edticas:<\/strong> Se utilizan de forma an\u00f3nima con la finalidad de elaborar y analizar estad\u00edsticas, con el fin de mejorar el funcionamiento del sitio web.<\/p>\n\n\n\n<p><strong>Cookies de funcionalidad:<\/strong> almacenan las preferencias del usuario para utilizar el sitio web, de modo que no necesite reconfigurar el sitio web cada vez que lo visite.<\/p>\n\n\n\n<p><strong>Cookies anal\u00edticas: <\/strong>miden el \u00e9xito de las aplicaciones y la efectividad de la publicidad de terceros. Tambi\u00e9n se pueden utilizar para personalizar un widget con datos de usuario.<\/p>\n\n\n\n<h2 class=\"wp-block-heading\">\u00bfC\u00f3mo puede administrar sus cookies?<\/h2>\n\n\n\n<p>Todos los navegadores permiten a los usuarios aceptar, rechazar o eliminar las cookies, especialmente mediante la selecci\u00f3n de la configuraci\u00f3n adecuada en los navegadores en: men\u00fa \u00abopciones\u00bb o \u00abpreferencias\u00bb. Sin embargo, al deshabilitar las cookies, tambi\u00e9n puede evitar que ciertos servicios web funcionen correctamente, afectando parcial o totalmente la navegaci\u00f3n del sitio.<\/p>\n\n\n\n<p>Los usuarios pueden deshabilitar el uso de cookies en cualquier momento modificando la configuraci\u00f3n del navegador, por ejemplo:<\/p>\n\n\n\n<p>&#8211; Google Chrome<\/p>\n\n\n\n<p>&#8211; Internet Explorer<\/p>\n\n\n\n<p>&#8211; Mozilla Firefox<\/p>\n\n\n\n<p>&#8211; Apple Safari<\/p>\n\n\n\n<h2 class=\"wp-block-heading\">\u00bfQu\u00e9 sucede cuando se desactivan las cookies?<\/h2>\n\n\n\n<p>Ciertas funciones y servicios pueden dejar de funcionar o comportarse de forma inesperada, como identificar al usuario en determinadas p\u00e1ginas o recibir informaci\u00f3n que tenga en cuenta su ubicaci\u00f3n, entre otras. Si desactiva las cookies en esta p\u00e1gina web, es posible que no tenga acceso a ciertas \u00e1reas o la calidad de su experiencia de navegaci\u00f3n ser\u00e1 considerablemente menor.<\/p>\n\n\n\n<p>Las cookies utilizadas en este sitio web:<br>Cookies de usuario:<\/p>\n\n\n\n<p>&#8211; <strong>Fornecedor:<\/strong> flexitex.pt<\/p>\n\n\n\n<p>&#8211; <strong>Cookies: <\/strong>lang, allow_cookies, eucookie<\/p>\n\n\n\n<p>&#8211; <strong>Duraci\u00f3n: <\/strong>Por sesi\u00f3n<\/p>\n\n\n\n<p>&#8211; <strong>Tipo: <\/strong>Por sesi\u00f3n<\/p>\n\n\n\n<p>&#8211; <strong>Finalidad: <\/strong>Identifica si el usuario ya ha aceptado la pol\u00edtica de privacidad y las preferencias del usuario.<\/p>\n\n\n\n<h2 class=\"wp-block-heading\">Cookies de Terceros<\/h2>\n\n\n\n<p>&#8211; <strong>Fornecedor: <\/strong>google.pt<\/p>\n\n\n\n<p>&#8211; <strong>Cookies<\/strong>: PREF, HSID, SAPISID, SID, 1P_JAR, SIDCC, NID, SSID, OGPC, CONSENT, 1P_JAR, S_adsense3-ui, JSESSIONID, LS_CSRF_TOKEN<\/p>\n\n\n\n<p>&#8211; <strong>Duraci\u00f3n:<\/strong> 2 A\u00f1os<\/p>\n\n\n\n<p>&#8211; <strong>Tipo:<\/strong> Permanente<\/p>\n\n\n\n<p>&#8211; <strong><strong>Finalidad<\/strong>: <\/strong>Cuando crea una cuenta de Google o inicia sesi\u00f3n, las cookies PREF, NID, HSID, APISID, SID, SSID, SAPISID, GAPS, LSID, BEAT JSESSIONID, LS_CSRF_TOKEN y ULS se almacenan en su computadora para permanecer conectado a su cuenta de Google cuando vuelva a usar el servicio.<\/p>\n\n\n\n<p>Mientras est\u00e1 autenticado y utiliza complementos de otros sitios, como el nuestro, Google utiliza estas cookies para mejorar su experiencia de usuario. Algunas de las cookies tambi\u00e9n se utilizan para mejorar su experiencia de navegaci\u00f3n, p. Ej. al usar mapas de Google.<\/p>\n\n\n\n<h2 class=\"wp-block-heading\">Garant\u00edas adicionales y retiro de aceptaci\u00f3n<\/h2>\n\n\n\n<p>Flexitex no se hace responsable del contenido y la precisi\u00f3n de las pol\u00edticas de privacidad de terceros que puedan estar incluidas en esta p\u00e1gina web. Como garant\u00eda adicional, el registro de cookies en este sitio web puede estar sujeto a que los usuarios acepten cookies durante su visita a la p\u00e1gina web e instalen o actualicen el navegador utilizado.<\/p>\n\n\n\n<p>Esta aceptaci\u00f3n puede ser revocada en cualquier momento en la configuraci\u00f3n de contenido y privacidad, como se define arriba en el punto 5 de esta pol\u00edtica, o usando el enlace al final de esta p\u00e1gina.<\/p>\n\n\n\n<h3 class=\"wp-block-heading\">Actualizaci\u00f3n de la pol\u00edtica de cookies<\/h3>\n\n\n\n<p>Flexitex puede cambiar esta pol\u00edtica de cookies de acuerdo con los requisitos legales o reglamentarios o adaptar esta pol\u00edtica a las nuevas instrucciones previstas por la ley. Siempre que se realicen cambios significativos en esta pol\u00edtica de cookies, se notificar\u00e1 a los usuarios del sitio web.<\/p>\n","protected":false},"excerpt":{"rendered":"<p>\u00bfQu\u00e9 son las cookies? Las \u00abcookies\u00bb son peque\u00f1os archivos de texto que se almacenan en su computadora a trav\u00e9s del navegador de Internet, reteniendo solo informaci\u00f3n relacionada con sus preferencias y, por lo tanto, no incluyen sus datos personales. \u00bfPara que sirven las cookies? Las cookies ayudan a determinar la utilidad, inter\u00e9s y n\u00famero de [&hellip;]<\/p>\n","protected":false},"author":1,"featured_media":0,"parent":0,"menu_order":0,"comment_status":"closed","ping_status":"closed","template":"template-politicas.php","meta":{"_acf_changed":false,"footnotes":""},"class_list":["post-410","page","type-page","status-publish","hentry"],"acf":[],"yoast_head":"<!-- This site is optimized with the Yoast SEO plugin v26.3 - https:\/\/yoast.com\/wordpress\/plugins\/seo\/ -->\n<title>Pol\u00edtica de cookies - Flexitex<\/title>\n<meta name=\"robots\" content=\"index, follow, max-snippet:-1, max-image-preview:large, max-video-preview:-1\" \/>\n<link rel=\"canonical\" href=\"https:\/\/www.flexitex.pt\/es\/politica-de-cookies\/\" \/>\n<meta property=\"og:locale\" content=\"es_ES\" \/>\n<meta property=\"og:type\" content=\"article\" \/>\n<meta property=\"og:title\" content=\"Pol\u00edtica de cookies - Flexitex\" \/>\n<meta property=\"og:description\" content=\"\u00bfQu\u00e9 son las cookies? Las \u00abcookies\u00bb son peque\u00f1os archivos de texto que se almacenan en su computadora a trav\u00e9s del navegador de Internet, reteniendo solo informaci\u00f3n relacionada con sus preferencias y, por lo tanto, no incluyen sus datos personales. \u00bfPara que sirven las cookies? Las cookies ayudan a determinar la utilidad, inter\u00e9s y n\u00famero de [&hellip;]\" \/>\n<meta property=\"og:url\" content=\"https:\/\/www.flexitex.pt\/es\/politica-de-cookies\/\" \/>\n<meta property=\"og:site_name\" content=\"Flexitex\" \/>\n<meta property=\"article:modified_time\" content=\"2020-08-18T11:17:20+00:00\" \/>\n<meta name=\"twitter:card\" content=\"summary_large_image\" \/>\n<meta name=\"twitter:label1\" content=\"Tiempo de lectura\" \/>\n\t<meta name=\"twitter:data1\" content=\"4 minutos\" \/>\n<script type=\"application\/ld+json\" class=\"yoast-schema-graph\">{\"@context\":\"https:\/\/schema.org\",\"@graph\":[{\"@type\":\"WebPage\",\"@id\":\"https:\/\/www.flexitex.pt\/es\/politica-de-cookies\/\",\"url\":\"https:\/\/www.flexitex.pt\/es\/politica-de-cookies\/\",\"name\":\"Pol\u00edtica de cookies - Flexitex\",\"isPartOf\":{\"@id\":\"https:\/\/www.flexitex.pt\/#website\"},\"datePublished\":\"2020-07-09T15:48:24+00:00\",\"dateModified\":\"2020-08-18T11:17:20+00:00\",\"breadcrumb\":{\"@id\":\"https:\/\/www.flexitex.pt\/es\/politica-de-cookies\/#breadcrumb\"},\"inLanguage\":\"es\",\"potentialAction\":[{\"@type\":\"ReadAction\",\"target\":[\"https:\/\/www.flexitex.pt\/es\/politica-de-cookies\/\"]}]},{\"@type\":\"BreadcrumbList\",\"@id\":\"https:\/\/www.flexitex.pt\/es\/politica-de-cookies\/#breadcrumb\",\"itemListElement\":[{\"@type\":\"ListItem\",\"position\":1,\"name\":\"In\u00edcio\",\"item\":\"https:\/\/www.flexitex.pt\/es\/\"},{\"@type\":\"ListItem\",\"position\":2,\"name\":\"Pol\u00edtica de cookies\"}]},{\"@type\":\"WebSite\",\"@id\":\"https:\/\/www.flexitex.pt\/#website\",\"url\":\"https:\/\/www.flexitex.pt\/\",\"name\":\"Flexitex\",\"description\":\"Empresa especializada en prendas de punto y tejidos para colchones.\",\"publisher\":{\"@id\":\"https:\/\/www.flexitex.pt\/#organization\"},\"potentialAction\":[{\"@type\":\"SearchAction\",\"target\":{\"@type\":\"EntryPoint\",\"urlTemplate\":\"https:\/\/www.flexitex.pt\/?s={search_term_string}\"},\"query-input\":{\"@type\":\"PropertyValueSpecification\",\"valueRequired\":true,\"valueName\":\"search_term_string\"}}],\"inLanguage\":\"es\"},{\"@type\":\"Organization\",\"@id\":\"https:\/\/www.flexitex.pt\/#organization\",\"name\":\"Flexitex\",\"url\":\"https:\/\/www.flexitex.pt\/\",\"logo\":{\"@type\":\"ImageObject\",\"inLanguage\":\"es\",\"@id\":\"https:\/\/www.flexitex.pt\/#\/schema\/logo\/image\/\",\"url\":\"https:\/\/www.flexitex.pt\/wp-content\/uploads\/2020\/11\/fXL__VDI.png\",\"contentUrl\":\"https:\/\/www.flexitex.pt\/wp-content\/uploads\/2020\/11\/fXL__VDI.png\",\"width\":1200,\"height\":630,\"caption\":\"Flexitex\"},\"image\":{\"@id\":\"https:\/\/www.flexitex.pt\/#\/schema\/logo\/image\/\"}}]}<\/script>\n<!-- \/ Yoast SEO plugin. -->","yoast_head_json":{"title":"Pol\u00edtica de cookies - Flexitex","robots":{"index":"index","follow":"follow","max-snippet":"max-snippet:-1","max-image-preview":"max-image-preview:large","max-video-preview":"max-video-preview:-1"},"canonical":"https:\/\/www.flexitex.pt\/es\/politica-de-cookies\/","og_locale":"es_ES","og_type":"article","og_title":"Pol\u00edtica de cookies - Flexitex","og_description":"\u00bfQu\u00e9 son las cookies? Las \u00abcookies\u00bb son peque\u00f1os archivos de texto que se almacenan en su computadora a trav\u00e9s del navegador de Internet, reteniendo solo informaci\u00f3n relacionada con sus preferencias y, por lo tanto, no incluyen sus datos personales. \u00bfPara que sirven las cookies? Las cookies ayudan a determinar la utilidad, inter\u00e9s y n\u00famero de [&hellip;]","og_url":"https:\/\/www.flexitex.pt\/es\/politica-de-cookies\/","og_site_name":"Flexitex","article_modified_time":"2020-08-18T11:17:20+00:00","twitter_card":"summary_large_image","twitter_misc":{"Tiempo de lectura":"4 minutos"},"schema":{"@context":"https:\/\/schema.org","@graph":[{"@type":"WebPage","@id":"https:\/\/www.flexitex.pt\/es\/politica-de-cookies\/","url":"https:\/\/www.flexitex.pt\/es\/politica-de-cookies\/","name":"Pol\u00edtica de cookies - Flexitex","isPartOf":{"@id":"https:\/\/www.flexitex.pt\/#website"},"datePublished":"2020-07-09T15:48:24+00:00","dateModified":"2020-08-18T11:17:20+00:00","breadcrumb":{"@id":"https:\/\/www.flexitex.pt\/es\/politica-de-cookies\/#breadcrumb"},"inLanguage":"es","potentialAction":[{"@type":"ReadAction","target":["https:\/\/www.flexitex.pt\/es\/politica-de-cookies\/"]}]},{"@type":"BreadcrumbList","@id":"https:\/\/www.flexitex.pt\/es\/politica-de-cookies\/#breadcrumb","itemListElement":[{"@type":"ListItem","position":1,"name":"In\u00edcio","item":"https:\/\/www.flexitex.pt\/es\/"},{"@type":"ListItem","position":2,"name":"Pol\u00edtica de cookies"}]},{"@type":"WebSite","@id":"https:\/\/www.flexitex.pt\/#website","url":"https:\/\/www.flexitex.pt\/","name":"Flexitex","description":"Empresa especializada en prendas de punto y tejidos para colchones.","publisher":{"@id":"https:\/\/www.flexitex.pt\/#organization"},"potentialAction":[{"@type":"SearchAction","target":{"@type":"EntryPoint","urlTemplate":"https:\/\/www.flexitex.pt\/?s={search_term_string}"},"query-input":{"@type":"PropertyValueSpecification","valueRequired":true,"valueName":"search_term_string"}}],"inLanguage":"es"},{"@type":"Organization","@id":"https:\/\/www.flexitex.pt\/#organization","name":"Flexitex","url":"https:\/\/www.flexitex.pt\/","logo":{"@type":"ImageObject","inLanguage":"es","@id":"https:\/\/www.flexitex.pt\/#\/schema\/logo\/image\/","url":"https:\/\/www.flexitex.pt\/wp-content\/uploads\/2020\/11\/fXL__VDI.png","contentUrl":"https:\/\/www.flexitex.pt\/wp-content\/uploads\/2020\/11\/fXL__VDI.png","width":1200,"height":630,"caption":"Flexitex"},"image":{"@id":"https:\/\/www.flexitex.pt\/#\/schema\/logo\/image\/"}}]}},"_links":{"self":[{"href":"https:\/\/www.flexitex.pt\/es\/wp-json\/wp\/v2\/pages\/410","targetHints":{"allow":["GET"]}}],"collection":[{"href":"https:\/\/www.flexitex.pt\/es\/wp-json\/wp\/v2\/pages"}],"about":[{"href":"https:\/\/www.flexitex.pt\/es\/wp-json\/wp\/v2\/types\/page"}],"author":[{"embeddable":true,"href":"https:\/\/www.flexitex.pt\/es\/wp-json\/wp\/v2\/users\/1"}],"replies":[{"embeddable":true,"href":"https:\/\/www.flexitex.pt\/es\/wp-json\/wp\/v2\/comments?post=410"}],"version-history":[{"count":6,"href":"https:\/\/www.flexitex.pt\/es\/wp-json\/wp\/v2\/pages\/410\/revisions"}],"predecessor-version":[{"id":703,"href":"https:\/\/www.flexitex.pt\/es\/wp-json\/wp\/v2\/pages\/410\/revisions\/703"}],"wp:attachment":[{"href":"https:\/\/www.flexitex.pt\/es\/wp-json\/wp\/v2\/media?parent=410"}],"curies":[{"name":"wp","href":"https:\/\/api.w.org\/{rel}","templated":true}]}}